{"id":1060,"date":"2013-04-21T21:30:13","date_gmt":"2013-04-21T21:30:13","guid":{"rendered":"http:\/\/patchworkperlesetbroderies.wordpress.com\/?page_id=1060"},"modified":"2015-10-30T09:01:35","modified_gmt":"2015-10-30T08:01:35","slug":"broderie-khanta","status":"publish","type":"page","link":"https:\/\/www.patchwork-perles-broderies.com\/blog\/broderie-khanta\/","title":{"rendered":"Broderie Khanta"},"content":{"rendered":"<p>&nbsp;<\/p>\n<p><a href=\"http:\/\/www.patchwork-perles-broderies.com\/blog\/wp-content\/uploads\/2013\/04\/khanta-oiseau2.gif\"><img loading=\"lazy\" decoding=\"async\" class=\"wp-image-1066 aligncenter\" src=\"http:\/\/www.patchwork-perles-broderies.com\/blog\/wp-content\/uploads\/2013\/04\/khanta-oiseau2-947x1024.gif\" alt=\"\" width=\"350\" height=\"378\" srcset=\"https:\/\/www.patchwork-perles-broderies.com\/blog\/wp-content\/uploads\/2013\/04\/khanta-oiseau2-947x1024.gif 947w, https:\/\/www.patchwork-perles-broderies.com\/blog\/wp-content\/uploads\/2013\/04\/khanta-oiseau2-277x300.gif 277w, https:\/\/www.patchwork-perles-broderies.com\/blog\/wp-content\/uploads\/2013\/04\/khanta-oiseau2-624x675.gif 624w\" sizes=\"auto, (max-width: 350px) 100vw, 350px\" \/><\/a><\/p>\n<p style=\"text-align: justify;\">A l&rsquo;occasion d&rsquo;une journ\u00e9e de l&rsquo;amiti\u00e9 \u00e0 Fayssac j&rsquo;ai d\u00e9couvert la broderie Khanta.<\/p>\n<div id=\"attachment_2926\" style=\"width: 310px\" class=\"wp-caption alignleft\"><a href=\"http:\/\/www.patchwork-perles-broderies.com\/blog\/wp-content\/uploads\/2013\/04\/khanta-quilt.jpg\"><img loading=\"lazy\" decoding=\"async\" aria-describedby=\"caption-attachment-2926\" class=\"size-medium wp-image-2926\" src=\"http:\/\/www.patchwork-perles-broderies.com\/blog\/wp-content\/uploads\/2013\/04\/khanta-quilt-300x300.jpg\" alt=\"khanta quilt\" width=\"300\" height=\"300\" srcset=\"https:\/\/www.patchwork-perles-broderies.com\/blog\/wp-content\/uploads\/2013\/04\/khanta-quilt-300x300.jpg 300w, https:\/\/www.patchwork-perles-broderies.com\/blog\/wp-content\/uploads\/2013\/04\/khanta-quilt-150x150.jpg 150w, https:\/\/www.patchwork-perles-broderies.com\/blog\/wp-content\/uploads\/2013\/04\/khanta-quilt-624x624.jpg 624w, https:\/\/www.patchwork-perles-broderies.com\/blog\/wp-content\/uploads\/2013\/04\/khanta-quilt.jpg 736w\" sizes=\"auto, (max-width: 300px) 100vw, 300px\" \/><\/a><p id=\"caption-attachment-2926\" class=\"wp-caption-text\">http:\/\/craftforest.com\/wp-content\/uploads\/2014\/02\/fab-kanta.jpg<\/p><\/div>\n<p style=\"text-align: justify;\">C&rsquo;est une broderie pratiqu\u00e9e au Khanta, une partie du Bengale (\u00e9tat de l\u2019Est de l\u2019Inde), au Bangladesh et au Bihar (\u00e9tat du Nord-Est de l\u2019Inde), o\u00f9 elles\u00a0sont en g\u00e9n\u00e9ral ex\u00e9cut\u00e9es par les femmes des villages.<\/p>\n<p style=\"text-align: justify;\">Au d\u00e9part Khanta\u00a0signifie guenille, chiffon. \u00a0Cette broderie a eu au d\u00e9part une fonction utilitaire semblable \u00e0 celle du patchwork: la r\u00e9cup\u00e9ration des tissus usag\u00e9s. Mais au lieu de couper et coudre ensemble les morceaux en bon \u00e9tat les indiennes ont superpos\u00e9 les tissus.<\/p>\n<p style=\"text-align: justify;\">Aux Indes on emploie beaucoup les cotons l\u00e9gers et la soie et donc superposer deux couches ou plus (on arrive jusqu&rsquo;\u00e0 5 pour les couvertures) ne posait pas de probl\u00e8mes. Et pour rendre ces couches solidaires, on rebrodait avec des rang\u00e9es de point avant. Une sorte de matelassage sans molleton qu&rsquo;on appelle \u00ab\u00a0<em>Lep Khanta\u00a0\u00bb<\/em><\/p>\n<div id=\"attachment_2924\" style=\"width: 235px\" class=\"wp-caption alignright\"><a href=\"http:\/\/www.patchwork-perles-broderies.com\/blog\/wp-content\/uploads\/2013\/04\/poisson-en-broderie-khanta.jpg\"><img loading=\"lazy\" decoding=\"async\" aria-describedby=\"caption-attachment-2924\" class=\"size-medium wp-image-2924\" src=\"http:\/\/www.patchwork-perles-broderies.com\/blog\/wp-content\/uploads\/2013\/04\/poisson-en-broderie-khanta-225x300.jpg\" alt=\"poisson en broderie khanta\" width=\"225\" height=\"300\" srcset=\"https:\/\/www.patchwork-perles-broderies.com\/blog\/wp-content\/uploads\/2013\/04\/poisson-en-broderie-khanta-225x300.jpg 225w, https:\/\/www.patchwork-perles-broderies.com\/blog\/wp-content\/uploads\/2013\/04\/poisson-en-broderie-khanta.jpg 375w\" sizes=\"auto, (max-width: 225px) 100vw, 225px\" \/><\/a><p id=\"caption-attachment-2924\" class=\"wp-caption-text\">http:\/\/from-a-girls-mind.blogspot.fr\/2012\/04\/kantha-stitch.html<\/p><\/div>\n<p style=\"text-align: justify;\">On utilise g\u00e9n\u00e9ralement des motifs d&rsquo;animaux, des symboles floraux qui couvrent la surface \u00e0\u00a0partir des angles.Un arbre de vie occupe la partie centrale et le dessin central est d&rsquo;ordinaire un lotus. D&rsquo;autres dessins d&rsquo;oiseaux, fleurs, poissons , koalas sont utilis\u00e9s ainsi que des mandalas ou des histoires mythologiques.<\/p>\n<p style=\"text-align: justify;\">Il existe plusieurs sortes de Khanta qui ont chacune une fonction particuli\u00e8re :<\/p>\n<ul>\n<li>L&rsquo; Archilata kantha &#8211; pour les petits accessoires \u00a0comportant de larges bandes color\u00e9es Baiton kantha &#8211; square wraps used for covering books.<\/li>\n<li>Le Durjani\/thalia \u00a0these are quilted wallets made out of rectangular kantha pieces<\/li>\n<li>L&rsquo; Oaar kantha est utilis\u00e9e pour les coussins.<\/li>\n<li>Le Sujani kantha \u00a0c&rsquo;est tr\u00e8s proche du quilt v\u00e9ritable parce qu&rsquo;ils s&rsquo;agit de pi\u00e8ces matelass\u00e9es de fa\u00e7on d\u00e9corative qu&rsquo;on utilise comme couvertures ou jet\u00e9 de lit.<\/li>\n<li>Le Rumal kantha est utilis\u00e9 pour couvrir les plats<\/li>\n<\/ul>\n<div id=\"attachment_2923\" style=\"width: 635px\" class=\"wp-caption aligncenter\"><a href=\"http:\/\/www.patchwork-perles-broderies.com\/blog\/wp-content\/uploads\/2013\/04\/broderie-Khanta.jpg\"><img loading=\"lazy\" decoding=\"async\" aria-describedby=\"caption-attachment-2923\" class=\"wp-image-2923 size-large\" src=\"http:\/\/www.patchwork-perles-broderies.com\/blog\/wp-content\/uploads\/2013\/04\/broderie-Khanta-871x1024.jpg\" alt=\"broderie Khanta\" width=\"625\" height=\"735\" srcset=\"https:\/\/www.patchwork-perles-broderies.com\/blog\/wp-content\/uploads\/2013\/04\/broderie-Khanta-871x1024.jpg 871w, https:\/\/www.patchwork-perles-broderies.com\/blog\/wp-content\/uploads\/2013\/04\/broderie-Khanta-255x300.jpg 255w, https:\/\/www.patchwork-perles-broderies.com\/blog\/wp-content\/uploads\/2013\/04\/broderie-Khanta-624x734.jpg 624w, https:\/\/www.patchwork-perles-broderies.com\/blog\/wp-content\/uploads\/2013\/04\/broderie-Khanta.jpg 1024w\" sizes=\"auto, (max-width: 625px) 100vw, 625px\" \/><\/a><p id=\"caption-attachment-2923\" class=\"wp-caption-text\">http:\/\/hubpages.com\/art\/Indian-Embroidery#slide694443<\/p><\/div>\n<p>On attribue l&rsquo;origine de cette broderie au\u00a0 Bouddha lui m\u00eame et \u00e0 ses disciples qui confectionnaient ainsi leurs couvertures.<\/p>\n<p>Naturellement les femmes ont tr\u00e8s vite eu l&rsquo;id\u00e9e d&rsquo;introduire un peu de fantaisie dans ce travail monotone et les motifs sont devenus de plus en plus sophistiqu\u00e9s, figuratifs (dans les familles hindoues) ou abstraits (dans les familles musulmanes).<\/p>\n<table>\n<tbody>\n<tr>\n<td>\n<div id=\"attachment_2927\" style=\"width: 310px\" class=\"wp-caption alignleft\"><a href=\"http:\/\/www.patchwork-perles-broderies.com\/blog\/wp-content\/uploads\/2013\/04\/broderie-khanta-points.jpg\"><img loading=\"lazy\" decoding=\"async\" aria-describedby=\"caption-attachment-2927\" class=\"size-medium wp-image-2927\" src=\"http:\/\/www.patchwork-perles-broderies.com\/blog\/wp-content\/uploads\/2013\/04\/broderie-khanta-points-300x183.jpg\" alt=\"points de broderie khanta\" width=\"300\" height=\"183\" srcset=\"https:\/\/www.patchwork-perles-broderies.com\/blog\/wp-content\/uploads\/2013\/04\/broderie-khanta-points-300x183.jpg 300w, https:\/\/www.patchwork-perles-broderies.com\/blog\/wp-content\/uploads\/2013\/04\/broderie-khanta-points-624x381.jpg 624w, https:\/\/www.patchwork-perles-broderies.com\/blog\/wp-content\/uploads\/2013\/04\/broderie-khanta-points.jpg 815w\" sizes=\"auto, (max-width: 300px) 100vw, 300px\" \/><\/a><p id=\"caption-attachment-2927\" class=\"wp-caption-text\">https:\/\/jizee6687.wordpress.com\/2012\/03\/10\/tast-2012-week-10-running-stitch-4-kantha-embroidery\/<\/p><\/div><\/td>\n<td><span style=\"font-size: 10pt;\">Le simple point avant a \u00e9t\u00e9 peu \u00e0 peu utilis\u00e9 pour former\u00a0des motifs r\u00e9p\u00e9titifs\u00a0avec lesquels on peut cr\u00e9er des guirlandes ou des bordures.Apr\u00e8s tout le point lanc\u00e9 est simplement un point avant \u00ab\u00a0d\u00e9tach\u00e9\u00a0\u00bb .<\/span><\/td>\n<\/tr>\n<\/tbody>\n<\/table>\n<p>Il semble tr\u00e8s simple de broder avec du point avant. Mais \u00a0le point doit \u00eatre tr\u00e8s r\u00e9gulier et \u00e9pouser la forme ce qui exige du go\u00fbt et de l&rsquo;habilet\u00e9. Le ravissant mod\u00e8le pr\u00e9sent\u00e9 \u00e0 Fayssac \u00a0en haut de la page \u00a0est ex\u00e9cut\u00e9 avec un brin de moulin\u00e9.<\/p>\n<p style=\"text-align: justify;\">\u00a0Ci dessous une broderie r\u00e9alis\u00e9e pendant la journ\u00e9e. Joli, n&rsquo;est-ce pas!<\/p>\n<p style=\"text-align: justify;\"><a href=\"http:\/\/www.patchwork-perles-broderies.com\/blog\/wp-content\/uploads\/2013\/04\/broderie-khanta.jpg\"><img loading=\"lazy\" decoding=\"async\" class=\"aligncenter size-full wp-image-2527\" src=\"http:\/\/www.patchwork-perles-broderies.com\/blog\/wp-content\/uploads\/2013\/04\/broderie-khanta.jpg\" alt=\"broderie khanta\" width=\"453\" height=\"415\" srcset=\"https:\/\/www.patchwork-perles-broderies.com\/blog\/wp-content\/uploads\/2013\/04\/broderie-khanta.jpg 453w, https:\/\/www.patchwork-perles-broderies.com\/blog\/wp-content\/uploads\/2013\/04\/broderie-khanta-300x275.jpg 300w\" sizes=\"auto, (max-width: 453px) 100vw, 453px\" \/><\/a><\/p>\n<p style=\"text-align: justify;\">On peut aussi utiliser la broderie Khanta pour broder des v\u00eatements. Voici un tr\u00e8s bel exemple trouv\u00e9 sur un forum .<\/p>\n<div id=\"attachment_2925\" style=\"width: 610px\" class=\"wp-caption aligncenter\"><a href=\"http:\/\/www.patchwork-perles-broderies.com\/blog\/wp-content\/uploads\/2013\/04\/khanta-sur-une-blouse.jpg\"><img loading=\"lazy\" decoding=\"async\" aria-describedby=\"caption-attachment-2925\" class=\"size-full wp-image-2925\" src=\"http:\/\/www.patchwork-perles-broderies.com\/blog\/wp-content\/uploads\/2013\/04\/khanta-sur-une-blouse.jpg\" alt=\"khanta sur une blouse\" width=\"600\" height=\"338\" srcset=\"https:\/\/www.patchwork-perles-broderies.com\/blog\/wp-content\/uploads\/2013\/04\/khanta-sur-une-blouse.jpg 600w, https:\/\/www.patchwork-perles-broderies.com\/blog\/wp-content\/uploads\/2013\/04\/khanta-sur-une-blouse-300x169.jpg 300w\" sizes=\"auto, (max-width: 600px) 100vw, 600px\" \/><\/a><p id=\"caption-attachment-2925\" class=\"wp-caption-text\">http:\/\/www.indusladies.com\/forums\/embroidery\/77609-kantha-stitch-in-a-blouse.html<\/p><\/div>\n<div id=\"attachment_2928\" style=\"width: 610px\" class=\"wp-caption aligncenter\"><a href=\"http:\/\/www.patchwork-perles-broderies.com\/blog\/wp-content\/uploads\/2013\/04\/broderie-sur-une-blouse-d\u00e9tail.jpg\"><img loading=\"lazy\" decoding=\"async\" aria-describedby=\"caption-attachment-2928\" class=\"size-full wp-image-2928\" src=\"http:\/\/www.patchwork-perles-broderies.com\/blog\/wp-content\/uploads\/2013\/04\/broderie-sur-une-blouse-d\u00e9tail.jpg\" alt=\"broderie de la blouse d\u00e9tail\" width=\"600\" height=\"338\" srcset=\"https:\/\/www.patchwork-perles-broderies.com\/blog\/wp-content\/uploads\/2013\/04\/broderie-sur-une-blouse-d\u00e9tail.jpg 600w, https:\/\/www.patchwork-perles-broderies.com\/blog\/wp-content\/uploads\/2013\/04\/broderie-sur-une-blouse-d\u00e9tail-300x169.jpg 300w\" sizes=\"auto, (max-width: 600px) 100vw, 600px\" \/><\/a><p id=\"caption-attachment-2928\" class=\"wp-caption-text\">http:\/\/www.indusladies.com\/forums\/embroidery\/77609-kantha-stitch-in-a-blouse.html<\/p><\/div>\n","protected":false},"excerpt":{"rendered":"<p>&nbsp; A l&rsquo;occasion d&rsquo;une journ\u00e9e de l&rsquo;amiti\u00e9 \u00e0 Fayssac j&rsquo;ai d\u00e9couvert la broderie Khanta. C&rsquo;est une broderie pratiqu\u00e9e au Khanta, une partie du Bengale (\u00e9tat de l\u2019Est de l\u2019Inde), au Bangladesh et au Bihar (\u00e9tat du Nord-Est de l\u2019Inde), o\u00f9 elles\u00a0sont en g\u00e9n\u00e9ral ex\u00e9cut\u00e9es par les femmes des villages. Au d\u00e9part Khanta\u00a0signifie guenille, chiffon. \u00a0Cette [&hellip;]<\/p>\n","protected":false},"author":1,"featured_media":0,"parent":0,"menu_order":1,"comment_status":"open","ping_status":"open","template":"","meta":{"footnotes":""},"class_list":["post-1060","page","type-page","status-publish","hentry"],"aioseo_notices":[],"_links":{"self":[{"href":"https:\/\/www.patchwork-perles-broderies.com\/blog\/wp-json\/wp\/v2\/pages\/1060","targetHints":{"allow":["GET"]}}],"collection":[{"href":"https:\/\/www.patchwork-perles-broderies.com\/blog\/wp-json\/wp\/v2\/pages"}],"about":[{"href":"https:\/\/www.patchwork-perles-broderies.com\/blog\/wp-json\/wp\/v2\/types\/page"}],"author":[{"embeddable":true,"href":"https:\/\/www.patchwork-perles-broderies.com\/blog\/wp-json\/wp\/v2\/users\/1"}],"replies":[{"embeddable":true,"href":"https:\/\/www.patchwork-perles-broderies.com\/blog\/wp-json\/wp\/v2\/comments?post=1060"}],"version-history":[{"count":5,"href":"https:\/\/www.patchwork-perles-broderies.com\/blog\/wp-json\/wp\/v2\/pages\/1060\/revisions"}],"predecessor-version":[{"id":2930,"href":"https:\/\/www.patchwork-perles-broderies.com\/blog\/wp-json\/wp\/v2\/pages\/1060\/revisions\/2930"}],"wp:attachment":[{"href":"https:\/\/www.patchwork-perles-broderies.com\/blog\/wp-json\/wp\/v2\/media?parent=1060"}],"curies":[{"name":"wp","href":"https:\/\/api.w.org\/{rel}","templated":true}]}}