{"id":1165,"date":"2013-12-14T07:20:57","date_gmt":"2013-12-14T07:20:57","guid":{"rendered":"http:\/\/patchworkperlesetbroderies.wordpress.com\/?page_id=1165"},"modified":"2015-10-19T08:38:35","modified_gmt":"2015-10-19T07:38:35","slug":"lindispensable-log-cabin","status":"publish","type":"page","link":"https:\/\/www.patchwork-perles-broderies.com\/blog\/lindispensable-log-cabin\/","title":{"rendered":"L&rsquo;indispensable Log Cabin"},"content":{"rendered":"<p><a href=\"http:\/\/www.lulu.com\/commerce\/index.php?fBuyContent=14179099\"><img decoding=\"async\" src=\"http:\/\/static.lulu.com\/images\/services\/buy_now_buttons\/fr\/blue.gif?20131211165653\" alt=\"Support independent publishing: Buy this book on Lulu.\" border=\"0\" \/><\/a><\/p>\n<p>Parmi les techniques traditionnelles, le Log Cabin fait figure de grand favori. Facile \u00e0 r\u00e9aliser, capable d&rsquo;absorber la plupart de nos chutes de tissu, il permet un nombre de combinaisons incroyable.<\/p>\n<p><a href=\"http:\/\/www.patchwork-perles-broderies.com\/blog\/wp-content\/uploads\/2013\/11\/lindisp.jpg\"><img loading=\"lazy\" decoding=\"async\" class=\"aligncenter wp-image-1150 size-medium\" src=\"http:\/\/www.patchwork-perles-broderies.com\/blog\/wp-content\/uploads\/2013\/11\/lindisp-230x300.jpg\" alt=\"\" width=\"230\" height=\"300\" \/><\/a><\/p>\n<p>Assez curieusement j&rsquo;en ai pour ma part r\u00e9alis\u00e9 assez peu : je n&rsquo;aime pas les lignes droites ni le g\u00e9om\u00e9trique. J&rsquo;ai toujours pr\u00e9f\u00e9r\u00e9 la fantaisie des courbes et de l&rsquo;appliqu\u00e9.<\/p>\n<p style=\"text-align: justify;\">Mais l&rsquo;an dernier nous voulions dans le club perfectionner l&rsquo;utilisation de la m\u00e9thode papier et \u00a0nous nous sommes donc lanc\u00e9es dans l&rsquo;aventure. Comme toujours nous avons r\u00e9alis\u00e9 une s\u00e9rie de blocs, nous les avons pos\u00e9s par terre et nous avons modifi\u00e9 les combinaisons jusqu&rsquo;\u00e0 ce que nous en trouvions une qui nous plaise. En fin de compte nous avons r\u00e9alis\u00e9 4 tops. \u00a0Et je leur ai promis d&rsquo;\u00e9crire une plaquette \u00a0pour r\u00e9capituler le projet.<\/p>\n<p>Et puis, je ne sais comment les pages se sont additionn\u00e9es et j&rsquo;ai termin\u00e9 ce qui est devenu un vrai livre sans avoir eu l&rsquo;impression d&rsquo;avoir \u00e9puis\u00e9 la question.<\/p>\n<p>Joyeux Log Cabin \u00e0 vous<\/p>\n<p><a href=\"http:\/\/www.lulu.com\/commerce\/index.php?fBuyContent=14179099\"><img decoding=\"async\" src=\"http:\/\/static.lulu.com\/images\/services\/buy_now_buttons\/fr\/blue.gif?20131211165653\" alt=\"Support independent publishing: Buy this book on Lulu.\" border=\"0\" \/><\/a><\/p>\n","protected":false},"excerpt":{"rendered":"<p>Parmi les techniques traditionnelles, le Log Cabin fait figure de grand favori. Facile \u00e0 r\u00e9aliser, capable d&rsquo;absorber la plupart de nos chutes de tissu, il permet un nombre de combinaisons incroyable. Assez curieusement j&rsquo;en ai pour ma part r\u00e9alis\u00e9 assez peu : je n&rsquo;aime pas les lignes droites ni le g\u00e9om\u00e9trique. J&rsquo;ai toujours pr\u00e9f\u00e9r\u00e9 la [&hellip;]<\/p>\n","protected":false},"author":1,"featured_media":0,"parent":0,"menu_order":9,"comment_status":"open","ping_status":"open","template":"","meta":{"footnotes":""},"class_list":["post-1165","page","type-page","status-publish","hentry"],"aioseo_notices":[],"_links":{"self":[{"href":"https:\/\/www.patchwork-perles-broderies.com\/blog\/wp-json\/wp\/v2\/pages\/1165","targetHints":{"allow":["GET"]}}],"collection":[{"href":"https:\/\/www.patchwork-perles-broderies.com\/blog\/wp-json\/wp\/v2\/pages"}],"about":[{"href":"https:\/\/www.patchwork-perles-broderies.com\/blog\/wp-json\/wp\/v2\/types\/page"}],"author":[{"embeddable":true,"href":"https:\/\/www.patchwork-perles-broderies.com\/blog\/wp-json\/wp\/v2\/users\/1"}],"replies":[{"embeddable":true,"href":"https:\/\/www.patchwork-perles-broderies.com\/blog\/wp-json\/wp\/v2\/comments?post=1165"}],"version-history":[{"count":2,"href":"https:\/\/www.patchwork-perles-broderies.com\/blog\/wp-json\/wp\/v2\/pages\/1165\/revisions"}],"predecessor-version":[{"id":2626,"href":"https:\/\/www.patchwork-perles-broderies.com\/blog\/wp-json\/wp\/v2\/pages\/1165\/revisions\/2626"}],"wp:attachment":[{"href":"https:\/\/www.patchwork-perles-broderies.com\/blog\/wp-json\/wp\/v2\/media?parent=1165"}],"curies":[{"name":"wp","href":"https:\/\/api.w.org\/{rel}","templated":true}]}}