{"id":2318,"date":"2015-09-29T06:33:15","date_gmt":"2015-09-29T06:33:15","guid":{"rendered":"https:\/\/patchworkperlesetbroderies.wordpress.com\/?page_id=2318"},"modified":"2015-10-30T10:53:50","modified_gmt":"2015-10-30T09:53:50","slug":"carre-compose-de-deux-triangles","status":"publish","type":"page","link":"https:\/\/www.patchwork-perles-broderies.com\/blog\/carre-compose-de-deux-triangles\/","title":{"rendered":"2 triangles= 1 carr\u00e9"},"content":{"rendered":"<p>Lorsqu&rsquo;on assemble 2 triangles pour reconstituer un carr\u00e9 le but est naturellement d&rsquo;obtenir un carr\u00e9 parfait&#8230;. ce qui n&rsquo;est pas aussi facile qu&rsquo;on pourrait le penser.<br \/>\nQue l&rsquo;on assemble 2 triangles pr\u00e9alablement dessin\u00e9s \u00e0 la main ou qu&rsquo;on fasse un assemblage machine \u00a0\u00bb couture comprise\u00a0\u00bb le r\u00e9sultat n&rsquo;est pas toujours \u00e0 la mesure de l&rsquo;effort.<\/p>\n<p>Pour ma part j&rsquo;utilise une technique \u00ab\u00a0mixte\u00a0\u00bb<\/p>\n<h4>1 Couper des\u00a0triangles \u00ab\u00a0couture comprise\u00a0\u00bb<\/h4>\n<p style=\"text-align: justify;\">Un grand nombre de mod\u00e8les traditionnels sont \u00a0\u00e0 base de triangles rectangles. Pour les couper rapidement sans gaspiller le tissu la m\u00e9thode la plus simple consiste \u00e0 couper des carr\u00e9s que l&rsquo;on recoupera suivant la diagonale. Le probl\u00e8me est: quelle dimension donner au carr\u00e9.<\/p>\n<p>Pour celles qui n&rsquo;ont pas l&rsquo;esprit math\u00e9matique, voici une m\u00e9thode empirique qui fonctionne quelle que soit la taille du triangle \u00e0 obtenir:<br \/>\n&#8211; Dessiner le triangle dont vous avez besoin sur un papier quadrill\u00e9.<\/p>\n<p><a href=\"http:\/\/www.patchwork-perles-broderies.com\/blog\/wp-content\/uploads\/2015\/09\/triangles-1.gif\"><img loading=\"lazy\" decoding=\"async\" class=\"wp-image-2585 size-thumbnail alignleft\" src=\"http:\/\/www.patchwork-perles-broderies.com\/blog\/wp-content\/uploads\/2015\/09\/triangles-1-150x150.gif\" alt=\"triangles et couture\" width=\"150\" height=\"150\" \/><\/a><\/p>\n<p style=\"text-align: justify;\">&#8211; Ajoutez votre couture tout autour .\u00a0Je le fais avec la graduation de ma r\u00e8gle Omnigrid, mais vous pouvez aussi utiliser la r\u00e8gle \u00e0 ourlet. Vous obtenez un triangle plus grand &#8211; en pointill\u00e9 sur le sch\u00e9ma.<\/p>\n<p style=\"text-align: justify;\">&#8211; Mesurez le c\u00f4t\u00e9 de ce triangle agrandi: c&rsquo;est la dimension \u00e0 donner \u00e0 votre carr\u00e9.<\/p>\n<p>Vous pourrez maintenant couper une bande de tissu de la largeur de votre carr\u00e9 et la recouper.<\/p>\n<p><a href=\"http:\/\/www.patchwork-perles-broderies.com\/blog\/wp-content\/uploads\/2015\/09\/triangle3.gif\"><img loading=\"lazy\" decoding=\"async\" class=\"aligncenter size-thumbnail wp-image-2586\" src=\"http:\/\/www.patchwork-perles-broderies.com\/blog\/wp-content\/uploads\/2015\/09\/triangle3-150x150.gif\" alt=\"2triangles=1carr\u00e9\" width=\"150\" height=\"150\" \/><\/a><\/p>\n<h4>2- Faire un carr\u00e9 avec 2 triangles<\/h4>\n<table>\n<tbody>\n<tr>\n<td><a href=\"http:\/\/www.patchwork-perles-broderies.com\/blog\/wp-content\/uploads\/2013\/12\/1.png\"><img loading=\"lazy\" decoding=\"async\" class=\"alignleft wp-image-1175 size-medium\" src=\"http:\/\/www.patchwork-perles-broderies.com\/blog\/wp-content\/uploads\/2013\/12\/1-300x296.png\" alt=\"2 triangles endroit contre endroit\" width=\"300\" height=\"296\" srcset=\"https:\/\/www.patchwork-perles-broderies.com\/blog\/wp-content\/uploads\/2013\/12\/1-300x296.png 300w, https:\/\/www.patchwork-perles-broderies.com\/blog\/wp-content\/uploads\/2013\/12\/1-624x616.png 624w, https:\/\/www.patchwork-perles-broderies.com\/blog\/wp-content\/uploads\/2013\/12\/1.png 786w\" sizes=\"auto, (max-width: 300px) 100vw, 300px\" \/><\/a><\/td>\n<td><span style=\"font-size: 12pt;\">1- Je pose mes triangles l-un sur l&rsquo;autre endroit contre endroit et je les assemble le long de la diagonale ,<\/span><\/td>\n<\/tr>\n<\/tbody>\n<\/table>\n<table>\n<tbody>\n<tr>\n<td><a href=\"http:\/\/www.patchwork-perles-broderies.com\/blog\/wp-content\/uploads\/2013\/12\/2.png\"><img loading=\"lazy\" decoding=\"async\" class=\"alignleft wp-image-1176 size-medium\" src=\"http:\/\/www.patchwork-perles-broderies.com\/blog\/wp-content\/uploads\/2013\/12\/2-300x300.png\" alt=\"coudre en suivant la diagonale\" width=\"300\" height=\"300\" srcset=\"https:\/\/www.patchwork-perles-broderies.com\/blog\/wp-content\/uploads\/2013\/12\/2-300x300.png 300w, https:\/\/www.patchwork-perles-broderies.com\/blog\/wp-content\/uploads\/2013\/12\/2-150x150.png 150w, https:\/\/www.patchwork-perles-broderies.com\/blog\/wp-content\/uploads\/2013\/12\/2-624x624.png 624w, https:\/\/www.patchwork-perles-broderies.com\/blog\/wp-content\/uploads\/2013\/12\/2.png 776w\" sizes=\"auto, (max-width: 300px) 100vw, 300px\" \/><\/a><\/td>\n<td><span style=\"font-size: 12pt;\">2- j&rsquo;ouvre et je repasse ( toujours vers le tissu le plus fonc\u00e9)<\/span><\/td>\n<\/tr>\n<\/tbody>\n<\/table>\n<p>&nbsp;<\/p>\n<p>&nbsp;<\/p>\n<p>&nbsp;<\/p>\n<table>\n<tbody>\n<tr>\n<td><a href=\"http:\/\/www.patchwork-perles-broderies.com\/blog\/wp-content\/uploads\/2013\/12\/3.png\"><img loading=\"lazy\" decoding=\"async\" class=\"aligncenter wp-image-1177 size-full\" src=\"http:\/\/www.patchwork-perles-broderies.com\/blog\/wp-content\/uploads\/2013\/12\/3.png\" alt=\"\" width=\"818\" height=\"770\" srcset=\"https:\/\/www.patchwork-perles-broderies.com\/blog\/wp-content\/uploads\/2013\/12\/3.png 818w, https:\/\/www.patchwork-perles-broderies.com\/blog\/wp-content\/uploads\/2013\/12\/3-300x282.png 300w, https:\/\/www.patchwork-perles-broderies.com\/blog\/wp-content\/uploads\/2013\/12\/3-624x587.png 624w\" sizes=\"auto, (max-width: 818px) 100vw, 818px\" \/><\/a><\/td>\n<td style=\"text-align: right;\"><span style=\"font-size: 12pt;\">3- je pose le gabarit du carr\u00e9 termin\u00e9 sur l&rsquo;envers du carr\u00e9 obtenu (deux des pointes du gabarit doivent se trouver sur la ligne de couture) et je retrace au crayon le carr\u00e9 fini.<\/span><\/td>\n<\/tr>\n<\/tbody>\n<\/table>\n<p>&nbsp;<\/p>\n<p>C&rsquo;est moins long que de tracer les triangles un par un et le carr\u00e9 final aura bien meilleur aspect.<br \/>\nLes adeptes du \u00ab\u00a0tout machine\u00a0\u00bb peuvent simplement v\u00e9rifier et rectifier le carr\u00e9 avec le carr\u00e9 omnigrid et le rotary cutter.<\/p>\n<p>1- On pose la diagonale du carr\u00e9 omnigrid ou autre sur la couture et on remet les deux premiers c\u00f4t\u00e9s d&rsquo;\u00e9querre.<\/p>\n<p><a href=\"http:\/\/www.patchwork-perles-broderies.com\/blog\/wp-content\/uploads\/2013\/12\/4.jpg\"><img loading=\"lazy\" decoding=\"async\" class=\"aligncenter wp-image-1180 size-medium\" src=\"http:\/\/www.patchwork-perles-broderies.com\/blog\/wp-content\/uploads\/2013\/12\/4-283x300.jpg\" alt=\"4\" width=\"283\" height=\"300\" srcset=\"https:\/\/www.patchwork-perles-broderies.com\/blog\/wp-content\/uploads\/2013\/12\/4-283x300.jpg 283w, https:\/\/www.patchwork-perles-broderies.com\/blog\/wp-content\/uploads\/2013\/12\/4-624x660.jpg 624w, https:\/\/www.patchwork-perles-broderies.com\/blog\/wp-content\/uploads\/2013\/12\/4.jpg 909w\" sizes=\"auto, (max-width: 283px) 100vw, 283px\" \/><\/a><\/p>\n<p>2- On retourne le carr\u00e9 omnigrid en le mettant sur la graduation qu&rsquo;on cherche (toujours diagonale sur diagonale) \u00a0et on rectifie les deux autres c\u00f4t\u00e9s . N&rsquo;oubliez pas de pr\u00e9voir la couture du carr\u00e9 lorsque vous recoupez!\u00a0<a href=\"http:\/\/www.patchwork-perles-broderies.com\/blog\/wp-content\/uploads\/2013\/12\/5.jpg\"><img loading=\"lazy\" decoding=\"async\" class=\"aligncenter wp-image-1181 size-medium\" src=\"http:\/\/www.patchwork-perles-broderies.com\/blog\/wp-content\/uploads\/2013\/12\/5-300x298.jpg\" alt=\"\" width=\"300\" height=\"298\" srcset=\"https:\/\/www.patchwork-perles-broderies.com\/blog\/wp-content\/uploads\/2013\/12\/5-300x298.jpg 300w, https:\/\/www.patchwork-perles-broderies.com\/blog\/wp-content\/uploads\/2013\/12\/5-150x150.jpg 150w, https:\/\/www.patchwork-perles-broderies.com\/blog\/wp-content\/uploads\/2013\/12\/5-624x621.jpg 624w, https:\/\/www.patchwork-perles-broderies.com\/blog\/wp-content\/uploads\/2013\/12\/5.jpg 951w\" sizes=\"auto, (max-width: 300px) 100vw, 300px\" \/><\/a><br \/>\nCela prend un peu de temps mais le r\u00e9sultat vaut vraiment la peine.<\/p>\n<p>Cette technique est tr\u00e8s utile quand vous avez de tout petits triangles \u00e0 assembler.<\/p>\n","protected":false},"excerpt":{"rendered":"<p>Lorsqu&rsquo;on assemble 2 triangles pour reconstituer un carr\u00e9 le but est naturellement d&rsquo;obtenir un carr\u00e9 parfait&#8230;. ce qui n&rsquo;est pas aussi facile qu&rsquo;on pourrait le penser. Que l&rsquo;on assemble 2 triangles pr\u00e9alablement dessin\u00e9s \u00e0 la main ou qu&rsquo;on fasse un assemblage machine \u00a0\u00bb couture comprise\u00a0\u00bb le r\u00e9sultat n&rsquo;est pas toujours \u00e0 la mesure de l&rsquo;effort. [&hellip;]<\/p>\n","protected":false},"author":1,"featured_media":0,"parent":0,"menu_order":0,"comment_status":"closed","ping_status":"closed","template":"","meta":{"footnotes":""},"class_list":["post-2318","page","type-page","status-publish","hentry"],"aioseo_notices":[],"_links":{"self":[{"href":"https:\/\/www.patchwork-perles-broderies.com\/blog\/wp-json\/wp\/v2\/pages\/2318","targetHints":{"allow":["GET"]}}],"collection":[{"href":"https:\/\/www.patchwork-perles-broderies.com\/blog\/wp-json\/wp\/v2\/pages"}],"about":[{"href":"https:\/\/www.patchwork-perles-broderies.com\/blog\/wp-json\/wp\/v2\/types\/page"}],"author":[{"embeddable":true,"href":"https:\/\/www.patchwork-perles-broderies.com\/blog\/wp-json\/wp\/v2\/users\/1"}],"replies":[{"embeddable":true,"href":"https:\/\/www.patchwork-perles-broderies.com\/blog\/wp-json\/wp\/v2\/comments?post=2318"}],"version-history":[{"count":3,"href":"https:\/\/www.patchwork-perles-broderies.com\/blog\/wp-json\/wp\/v2\/pages\/2318\/revisions"}],"predecessor-version":[{"id":2874,"href":"https:\/\/www.patchwork-perles-broderies.com\/blog\/wp-json\/wp\/v2\/pages\/2318\/revisions\/2874"}],"wp:attachment":[{"href":"https:\/\/www.patchwork-perles-broderies.com\/blog\/wp-json\/wp\/v2\/media?parent=2318"}],"curies":[{"name":"wp","href":"https:\/\/api.w.org\/{rel}","templated":true}]}}