{"id":2332,"date":"2015-10-01T10:28:57","date_gmt":"2015-10-01T10:28:57","guid":{"rendered":"https:\/\/patchworkperlesetbroderies.wordpress.com\/?page_id=2332"},"modified":"2015-10-30T11:05:39","modified_gmt":"2015-10-30T10:05:39","slug":"mettre-un-patch-au-carre","status":"publish","type":"page","link":"https:\/\/www.patchwork-perles-broderies.com\/blog\/mettre-un-patch-au-carre\/","title":{"rendered":"Mettre un patch au carr\u00e9"},"content":{"rendered":"<p style=\"text-align: justify;\">Pour qu&rsquo;un quilt ait bon aspect, il faut qu&rsquo;il ait l&rsquo;air parfaitement carr\u00e9 (ou rectangulaire): les bords ne doivent pas godailler et on ne doit pas avoir l&rsquo;impression qu&rsquo;un des c\u00f4t\u00e9s est plus long que l&rsquo;autre, ce qui donne \u00e0 l&rsquo;ensemble un aspect d\u00e9jant\u00e9 peu convenable pour un quilt respectable.<\/p>\n<p style=\"text-align: justify;\">Cela suppose du soin \u00e0 toutes les \u00e9tapes du travail.<\/p>\n<p style=\"text-align: justify;\">&#8211; 1<em> V\u00e9rifier la taille de chaque bloc\u00a0 et le remettre au carr\u00e9<\/em>. Il est possible qu&rsquo;il y ait des variations d&rsquo;un bloc \u00e0 l&rsquo;autre- cela peut aller jusqu&rsquo;\u00e0 1 cm de diff\u00e9rence. Or cette diff\u00e9rence rendra l&rsquo;assemblage difficile et aboutira \u00e0 un top irr\u00e9gulier.<\/p>\n<p style=\"text-align: justify;\">-2<em> Lorsque les blocs sont assembl\u00e9s v\u00e9rifier de nouveau la taille du top<\/em> avant de tailler les bandes. Je recommande toujours de mesurer chaque dimension 3 fois: de chaque c\u00f4t\u00e9 (pas trop au bord) et au milieu: s&rsquo;il y a une diff\u00e9rence, on prend une mesure moyenne\u00a0 pour tailler les bandes (exemple sur le sch\u00e9ma) et on fait boire ou on \u00e9tire en fonction du besoin au moment de la pause.<\/p>\n<p style=\"text-align: justify;\"><a href=\"http:\/\/www.patchwork-perles-broderies.com\/blog\/wp-content\/uploads\/2012\/02\/mesure.gif\"><img loading=\"lazy\" decoding=\"async\" class=\"aligncenter wp-image-926\" title=\"mesure\" src=\"http:\/\/www.patchwork-perles-broderies.com\/blog\/wp-content\/uploads\/2012\/02\/mesure-300x231.gif\" alt=\"\" width=\"450\" height=\"347\" \/><\/a><\/p>\n<p style=\"text-align: justify;\">En principe \u00e0 ce stade, et si vous avez tout v\u00e9rifi\u00e9 au fur et \u00e0 mesure, vous devriez avoir un top parfaitement d&rsquo;\u00e9querre et parfaitement r\u00e9gulier.<\/p>\n<p style=\"text-align: justify;\">\u00a03- <em>On matelasse le patch et on mesure de nouveau les c\u00f4t\u00e9s<\/em>. Le matelassage peut avoir amen\u00e9 d&rsquo;autres irr\u00e9gularit\u00e9s. Je n&rsquo;avais jamais eu le probl\u00e8me du temps o\u00f9 je matelassais tout \u00e0 la main, mais c&rsquo;est devenu fr\u00e9quent depuis que j&rsquo;utilise la machine.<\/p>\n<p style=\"text-align: justify;\"><em>\u00a0Attention<\/em>: <strong>mesurer les c\u00f4t\u00e9s ne vous assure pas que le patch est d&rsquo;\u00e9querre<\/strong>. Et lorsqu&rsquo;il s&rsquo;agit d&rsquo;une grande dimension, il est difficile de se d\u00e9brouiller avec les instruments habituels. J&rsquo;ai donc fait couper une grande planche en contreplaqu\u00e9 mince (70 cm \/ 100 cm) qui me sert d&rsquo;\u00e9querre dans ces cas l\u00e0 . Je la pose sur le top: si les bords de la planche s&rsquo;alignent sur les bords du patch, je sais que l&rsquo;angle est droit. Je v\u00e9rifie toujours les 4 angles ( au cas o\u00f9!).\u00a0Je ne recoupe pas le patch car je laisse toujours d\u00e9border fond et mousse pour faciliter la pause du biais, mais <em>je marque les diff\u00e9rences au crayon blanc.<\/em><\/p>\n<p style=\"text-align: justify;\">\u00a04- Poser le biais le long de la ligne ainsi d\u00e9termin\u00e9e .<\/p>\n<p style=\"text-align: justify;\">\u00a0Lorsque le biais est pos\u00e9 on peut voir l&rsquo;effet d&rsquo;ensemble. Parfois le patch pr\u00e9sente encore des irr\u00e9gularit\u00e9s. On peut en corriger certaines avec le fer \u00e0 vapeur, mais cela a pour inconv\u00e9nient d&rsquo;aplatir la mousse et de diminuer le relief du matelassage. Et certains tissus synth\u00e9tiques supportent mal le repassage.<\/p>\n<p style=\"text-align: justify;\">\u00a0Je pr\u00e9f\u00e8re agrafer mon patch sur le m\u00e9tier en suivant tr\u00e8s soigneusement le bord des tasseaux (v\u00e9rifiez que les tasseaux sont bien d&rsquo;\u00e9querre). \u00a0Je l&rsquo;humidifie fortement avec un vaporisateur et je laisse s\u00e9cher. Ca marche tr\u00e8s bien et le quilt n&rsquo;est pas aplati.<\/p>\n","protected":false},"excerpt":{"rendered":"<p>Pour qu&rsquo;un quilt ait bon aspect, il faut qu&rsquo;il ait l&rsquo;air parfaitement carr\u00e9 (ou rectangulaire): les bords ne doivent pas godailler et on ne doit pas avoir l&rsquo;impression qu&rsquo;un des c\u00f4t\u00e9s est plus long que l&rsquo;autre, ce qui donne \u00e0 l&rsquo;ensemble un aspect d\u00e9jant\u00e9 peu convenable pour un quilt respectable. Cela suppose du soin \u00e0 [&hellip;]<\/p>\n","protected":false},"author":1,"featured_media":0,"parent":0,"menu_order":2,"comment_status":"closed","ping_status":"closed","template":"","meta":{"footnotes":""},"class_list":["post-2332","page","type-page","status-publish","hentry"],"aioseo_notices":[],"_links":{"self":[{"href":"https:\/\/www.patchwork-perles-broderies.com\/blog\/wp-json\/wp\/v2\/pages\/2332","targetHints":{"allow":["GET"]}}],"collection":[{"href":"https:\/\/www.patchwork-perles-broderies.com\/blog\/wp-json\/wp\/v2\/pages"}],"about":[{"href":"https:\/\/www.patchwork-perles-broderies.com\/blog\/wp-json\/wp\/v2\/types\/page"}],"author":[{"embeddable":true,"href":"https:\/\/www.patchwork-perles-broderies.com\/blog\/wp-json\/wp\/v2\/users\/1"}],"replies":[{"embeddable":true,"href":"https:\/\/www.patchwork-perles-broderies.com\/blog\/wp-json\/wp\/v2\/comments?post=2332"}],"version-history":[{"count":3,"href":"https:\/\/www.patchwork-perles-broderies.com\/blog\/wp-json\/wp\/v2\/pages\/2332\/revisions"}],"predecessor-version":[{"id":2876,"href":"https:\/\/www.patchwork-perles-broderies.com\/blog\/wp-json\/wp\/v2\/pages\/2332\/revisions\/2876"}],"wp:attachment":[{"href":"https:\/\/www.patchwork-perles-broderies.com\/blog\/wp-json\/wp\/v2\/media?parent=2332"}],"curies":[{"name":"wp","href":"https:\/\/api.w.org\/{rel}","templated":true}]}}